{"id":3759,"date":"2026-01-22T15:44:04","date_gmt":"2026-01-22T15:44:04","guid":{"rendered":"https:\/\/parkworld.fr\/?page_id=3759"},"modified":"2026-01-22T15:44:05","modified_gmt":"2026-01-22T15:44:05","slug":"mentions-legales","status":"publish","type":"page","link":"https:\/\/parkworld.fr\/en\/mentions-legales\/","title":{"rendered":"Terms of use"},"content":{"rendered":"<div style=\"max-width: 800px; margin: 40px auto; padding: 20px; font-family: 'Helvetica Neue', Helvetica, Arial, sans-serif; color: #333; line-height: 1.6; border: 1px solid #eee;\">\n\n    <h1 style=\"color: #2c3e50; border-bottom: 2px solid #2c3e50; padding-bottom: 10px;\">Mentions L\u00e9gales<\/h1>\n\n    <section style=\"margin-top: 25px;\">\n        <h2 style=\"color: #2c3e50; font-size: 1.3em;\">1. Pr\u00e9sentation du site<\/h2>\n        <p>En vertu de l&rsquo;article 6 de la loi n\u00b0 2004-575 du 21 juin 2004 pour la confiance dans l&rsquo;\u00e9conomie num\u00e9rique, il est pr\u00e9cis\u00e9 aux utilisateurs du site <strong>parkworld.fr<\/strong> l&rsquo;identit\u00e9 des diff\u00e9rents intervenants dans le cadre de sa r\u00e9alisation et de son suivi :<\/p>\n        <ul>\n            <li><strong>Propri\u00e9taire :<\/strong> Julien Tevez<\/li>\n            <li><strong>Responsable publication :<\/strong> Julien Tevez<\/li>\n            <li><strong>Webmaster &#038; Cr\u00e9ation :<\/strong> Agence YaCom<\/li>\n            <li><strong>H\u00e9bergeur :<\/strong> HOSTINGER<\/li>\n        <\/ul>\n    <\/section>\n\n    <section style=\"margin-top: 25px;\">\n        <h2 style=\"color: #2c3e50; font-size: 1.3em;\">2. Conditions g\u00e9n\u00e9rales d\u2019utilisation<\/h2>\n        <p>L\u2019utilisation du site parkworld.fr implique l\u2019acceptation pleine et enti\u00e8re des conditions g\u00e9n\u00e9rales d\u2019utilisation ci-apr\u00e8s d\u00e9crites. Ces conditions d\u2019utilisation sont susceptibles d\u2019\u00eatre modifi\u00e9es ou compl\u00e9t\u00e9es \u00e0 tout moment, les utilisateurs du site sont donc invit\u00e9s \u00e0 les consulter de mani\u00e8re r\u00e9guli\u00e8re.<\/p>\n    <\/section>\n\n    <section style=\"margin-top: 25px;\">\n        <h2 style=\"color: #2c3e50; font-size: 1.3em;\">3. Propri\u00e9t\u00e9 intellectuelle<\/h2>\n        <p>Julien Tevez est propri\u00e9taire des droits de propri\u00e9t\u00e9 intellectuelle ou d\u00e9tient les droits d\u2019usage sur tous les \u00e9l\u00e9ments accessibles sur le site, notamment les textes, images, graphismes, logo, ic\u00f4nes, sons, logiciels.<\/p>\n        <p>Toute reproduction, repr\u00e9sentation, modification, publication, adaptation de tout ou partie des \u00e9l\u00e9ments du site, quel que soit le moyen ou le proc\u00e9d\u00e9 utilis\u00e9, est interdite, sauf autorisation \u00e9crite pr\u00e9alable de : Julien Tevez.<\/p>\n    <\/section>\n\n    <section style=\"margin-top: 25px;\">\n        <h2 style=\"color: #2c3e50; font-size: 1.3em;\">4. Limitations de responsabilit\u00e9<\/h2>\n        <p>Parkworld.fr ne pourra \u00eatre tenu responsable des dommages directs et indirects caus\u00e9s au mat\u00e9riel de l\u2019utilisateur lors de l\u2019acc\u00e8s au site. L\u2019Agence YaCom, en tant que prestataire technique, d\u00e9cline toute responsabilit\u00e9 quant aux contenus \u00e9ditoriaux publi\u00e9s sur le site, lesquels restent sous la responsabilit\u00e9 exclusive du propri\u00e9taire.<\/p>\n    <\/section>\n\n    <section style=\"margin-top: 25px;\">\n        <h2 style=\"color: #2c3e50; font-size: 1.3em;\">5. Gestion des donn\u00e9es personnelles<\/h2>\n        <p>En France, les donn\u00e9es personnelles sont notamment prot\u00e9g\u00e9es par la loi n\u00b0 78-87 du 6 janvier 1978, la loi n\u00b0 2004-801 du 6 ao\u00fbt 2004, l&rsquo;article L. 226-13 du Code p\u00e9nal et la Directive Europ\u00e9enne du 24 octobre 1995. Le site n&rsquo;est pas d\u00e9clar\u00e9 \u00e0 la CNIL car il ne recueille pas d&rsquo;informations personnelles nominatives de mani\u00e8re automatis\u00e9e.<\/p>\n    <\/section>\n\n<\/div>","protected":false},"excerpt":{"rendered":"<p>Mentions L\u00e9gales 1. Pr\u00e9sentation du site En vertu de l&rsquo;article 6 de la loi n\u00b0 2004-575 du 21 juin 2004 pour la confiance dans l&rsquo;\u00e9conomie num\u00e9rique, il est pr\u00e9cis\u00e9 aux utilisateurs du site parkworld.fr l&rsquo;identit\u00e9 des diff\u00e9rents intervenants dans le cadre de sa r\u00e9alisation et de son suivi : Propri\u00e9taire : Julien Tevez Responsable publication&#8230;<\/p>","protected":false},"author":1,"featured_media":0,"parent":0,"menu_order":0,"comment_status":"closed","ping_status":"closed","template":"","meta":{"_kadence_starter_templates_imported_post":false,"_kad_post_transparent":"","_kad_post_title":"","_kad_post_layout":"","_kad_post_sidebar_id":"","_kad_post_content_style":"","_kad_post_vertical_padding":"","_kad_post_feature":"","_kad_post_feature_position":"","_kad_post_header":false,"_kad_post_footer":false,"_kad_post_classname":"","footnotes":""},"class_list":["post-3759","page","type-page","status-publish","hentry"],"yoast_head":"<!-- This site is optimized with the Yoast SEO plugin v27.3 - https:\/\/yoast.com\/product\/yoast-seo-wordpress\/ -->\n<title>Mentions l\u00e9gales - parkworld.fr<\/title>\n<meta name=\"robots\" content=\"index, follow, max-snippet:-1, max-image-preview:large, max-video-preview:-1\" \/>\n<link rel=\"canonical\" href=\"https:\/\/parkworld.fr\/en\/mentions-legales\/\" \/>\n<meta property=\"og:locale\" content=\"en_US\" \/>\n<meta property=\"og:type\" content=\"article\" \/>\n<meta property=\"og:title\" content=\"Mentions l\u00e9gales - parkworld.fr\" \/>\n<meta property=\"og:description\" content=\"Mentions L\u00e9gales 1. Pr\u00e9sentation du site En vertu de l&rsquo;article 6 de la loi n\u00b0 2004-575 du 21 juin 2004 pour la confiance dans l&rsquo;\u00e9conomie num\u00e9rique, il est pr\u00e9cis\u00e9 aux utilisateurs du site parkworld.fr l&rsquo;identit\u00e9 des diff\u00e9rents intervenants dans le cadre de sa r\u00e9alisation et de son suivi : Propri\u00e9taire : Julien Tevez Responsable publication...\" \/>\n<meta property=\"og:url\" content=\"https:\/\/parkworld.fr\/en\/mentions-legales\/\" \/>\n<meta property=\"og:site_name\" content=\"parkworld.fr\" \/>\n<meta property=\"article:modified_time\" content=\"2026-01-22T15:44:05+00:00\" \/>\n<meta name=\"twitter:card\" content=\"summary_large_image\" \/>\n<meta name=\"twitter:label1\" content=\"Est. reading time\" \/>\n\t<meta name=\"twitter:data1\" content=\"2 minutes\" \/>\n<script type=\"application\/ld+json\" class=\"yoast-schema-graph\">{\"@context\":\"https:\\\/\\\/schema.org\",\"@graph\":[{\"@type\":\"WebPage\",\"@id\":\"https:\\\/\\\/parkworld.fr\\\/mentions-legales\\\/\",\"url\":\"https:\\\/\\\/parkworld.fr\\\/mentions-legales\\\/\",\"name\":\"Mentions l\u00e9gales - parkworld.fr\",\"isPartOf\":{\"@id\":\"https:\\\/\\\/parkworld.fr\\\/#website\"},\"datePublished\":\"2026-01-22T15:44:04+00:00\",\"dateModified\":\"2026-01-22T15:44:05+00:00\",\"breadcrumb\":{\"@id\":\"https:\\\/\\\/parkworld.fr\\\/mentions-legales\\\/#breadcrumb\"},\"inLanguage\":\"en-US\",\"potentialAction\":[{\"@type\":\"ReadAction\",\"target\":[\"https:\\\/\\\/parkworld.fr\\\/mentions-legales\\\/\"]}]},{\"@type\":\"BreadcrumbList\",\"@id\":\"https:\\\/\\\/parkworld.fr\\\/mentions-legales\\\/#breadcrumb\",\"itemListElement\":[{\"@type\":\"ListItem\",\"position\":1,\"name\":\"Accueil\",\"item\":\"https:\\\/\\\/parkworld.fr\\\/\"},{\"@type\":\"ListItem\",\"position\":2,\"name\":\"Mentions l\u00e9gales\"}]},{\"@type\":\"WebSite\",\"@id\":\"https:\\\/\\\/parkworld.fr\\\/#website\",\"url\":\"https:\\\/\\\/parkworld.fr\\\/\",\"name\":\"parkworld.fr\",\"description\":\"\",\"publisher\":{\"@id\":\"https:\\\/\\\/parkworld.fr\\\/#organization\"},\"potentialAction\":[{\"@type\":\"SearchAction\",\"target\":{\"@type\":\"EntryPoint\",\"urlTemplate\":\"https:\\\/\\\/parkworld.fr\\\/?s={search_term_string}\"},\"query-input\":{\"@type\":\"PropertyValueSpecification\",\"valueRequired\":true,\"valueName\":\"search_term_string\"}}],\"inLanguage\":\"en-US\"},{\"@type\":\"Organization\",\"@id\":\"https:\\\/\\\/parkworld.fr\\\/#organization\",\"name\":\"PARK WORLD - Un Monde de loisir !\",\"url\":\"https:\\\/\\\/parkworld.fr\\\/\",\"logo\":{\"@type\":\"ImageObject\",\"inLanguage\":\"en-US\",\"@id\":\"https:\\\/\\\/parkworld.fr\\\/#\\\/schema\\\/logo\\\/image\\\/\",\"url\":\"https:\\\/\\\/parkworld.fr\\\/wp-content\\\/uploads\\\/2026\\\/01\\\/cropped-logo_pw_long.png\",\"contentUrl\":\"https:\\\/\\\/parkworld.fr\\\/wp-content\\\/uploads\\\/2026\\\/01\\\/cropped-logo_pw_long.png\",\"width\":500,\"height\":200,\"caption\":\"PARK WORLD - Un Monde de loisir !\"},\"image\":{\"@id\":\"https:\\\/\\\/parkworld.fr\\\/#\\\/schema\\\/logo\\\/image\\\/\"}}]}<\/script>\n<!-- \/ Yoast SEO plugin. -->","yoast_head_json":{"title":"Mentions l\u00e9gales - parkworld.fr","robots":{"index":"index","follow":"follow","max-snippet":"max-snippet:-1","max-image-preview":"max-image-preview:large","max-video-preview":"max-video-preview:-1"},"canonical":"https:\/\/parkworld.fr\/en\/mentions-legales\/","og_locale":"en_US","og_type":"article","og_title":"Mentions l\u00e9gales - parkworld.fr","og_description":"Mentions L\u00e9gales 1. Pr\u00e9sentation du site En vertu de l&rsquo;article 6 de la loi n\u00b0 2004-575 du 21 juin 2004 pour la confiance dans l&rsquo;\u00e9conomie num\u00e9rique, il est pr\u00e9cis\u00e9 aux utilisateurs du site parkworld.fr l&rsquo;identit\u00e9 des diff\u00e9rents intervenants dans le cadre de sa r\u00e9alisation et de son suivi : Propri\u00e9taire : Julien Tevez Responsable publication...","og_url":"https:\/\/parkworld.fr\/en\/mentions-legales\/","og_site_name":"parkworld.fr","article_modified_time":"2026-01-22T15:44:05+00:00","twitter_card":"summary_large_image","twitter_misc":{"Est. reading time":"2 minutes"},"schema":{"@context":"https:\/\/schema.org","@graph":[{"@type":"WebPage","@id":"https:\/\/parkworld.fr\/mentions-legales\/","url":"https:\/\/parkworld.fr\/mentions-legales\/","name":"Mentions l\u00e9gales - parkworld.fr","isPartOf":{"@id":"https:\/\/parkworld.fr\/#website"},"datePublished":"2026-01-22T15:44:04+00:00","dateModified":"2026-01-22T15:44:05+00:00","breadcrumb":{"@id":"https:\/\/parkworld.fr\/mentions-legales\/#breadcrumb"},"inLanguage":"en-US","potentialAction":[{"@type":"ReadAction","target":["https:\/\/parkworld.fr\/mentions-legales\/"]}]},{"@type":"BreadcrumbList","@id":"https:\/\/parkworld.fr\/mentions-legales\/#breadcrumb","itemListElement":[{"@type":"ListItem","position":1,"name":"Accueil","item":"https:\/\/parkworld.fr\/"},{"@type":"ListItem","position":2,"name":"Mentions l\u00e9gales"}]},{"@type":"WebSite","@id":"https:\/\/parkworld.fr\/#website","url":"https:\/\/parkworld.fr\/","name":"parkworld.fr","description":"","publisher":{"@id":"https:\/\/parkworld.fr\/#organization"},"potentialAction":[{"@type":"SearchAction","target":{"@type":"EntryPoint","urlTemplate":"https:\/\/parkworld.fr\/?s={search_term_string}"},"query-input":{"@type":"PropertyValueSpecification","valueRequired":true,"valueName":"search_term_string"}}],"inLanguage":"en-US"},{"@type":"Organization","@id":"https:\/\/parkworld.fr\/#organization","name":"PARK WORLD - Un Monde de loisir !","url":"https:\/\/parkworld.fr\/","logo":{"@type":"ImageObject","inLanguage":"en-US","@id":"https:\/\/parkworld.fr\/#\/schema\/logo\/image\/","url":"https:\/\/parkworld.fr\/wp-content\/uploads\/2026\/01\/cropped-logo_pw_long.png","contentUrl":"https:\/\/parkworld.fr\/wp-content\/uploads\/2026\/01\/cropped-logo_pw_long.png","width":500,"height":200,"caption":"PARK WORLD - Un Monde de loisir !"},"image":{"@id":"https:\/\/parkworld.fr\/#\/schema\/logo\/image\/"}}]}},"_hostinger_reach_plugin_has_subscription_block":false,"_hostinger_reach_plugin_is_elementor":false,"_links":{"self":[{"href":"https:\/\/parkworld.fr\/en\/wp-json\/wp\/v2\/pages\/3759","targetHints":{"allow":["GET"]}}],"collection":[{"href":"https:\/\/parkworld.fr\/en\/wp-json\/wp\/v2\/pages"}],"about":[{"href":"https:\/\/parkworld.fr\/en\/wp-json\/wp\/v2\/types\/page"}],"author":[{"embeddable":true,"href":"https:\/\/parkworld.fr\/en\/wp-json\/wp\/v2\/users\/1"}],"replies":[{"embeddable":true,"href":"https:\/\/parkworld.fr\/en\/wp-json\/wp\/v2\/comments?post=3759"}],"version-history":[{"count":1,"href":"https:\/\/parkworld.fr\/en\/wp-json\/wp\/v2\/pages\/3759\/revisions"}],"predecessor-version":[{"id":3760,"href":"https:\/\/parkworld.fr\/en\/wp-json\/wp\/v2\/pages\/3759\/revisions\/3760"}],"wp:attachment":[{"href":"https:\/\/parkworld.fr\/en\/wp-json\/wp\/v2\/media?parent=3759"}],"curies":[{"name":"wp","href":"https:\/\/api.w.org\/{rel}","templated":true}]}}